{"id":1193,"date":"2018-07-19T14:11:01","date_gmt":"2018-07-19T14:11:01","guid":{"rendered":"https:\/\/verkerkstandbouw.nl\/?page_id=1193"},"modified":"2021-02-15T11:34:20","modified_gmt":"2021-02-15T11:34:20","slug":"veranstaltungen","status":"publish","type":"page","link":"https:\/\/verkerkstandbouw.nl\/de\/veranstaltungen\/","title":{"rendered":"Veranstaltungen"},"content":{"rendered":"<section class=\"avia_codeblock_section avia_code_block_0\"  itemscope=\"itemscope\" itemtype=\"https:\/\/schema.org\/CreativeWork\" ><div class='avia_codeblock '  itemprop=\"text\" > [avia_codeblock_placeholder uid=\"0\"] <\/div><\/section>\n<div style='padding-bottom:10px;' class='av-special-heading av-special-heading-h1  blockquote modern-quote  '><h1 class='av-special-heading-tag'  itemprop=\"headline\"  >Events<\/h1><div class='special-heading-border'><div class='special-heading-inner-border' ><\/div><\/div><\/div>\n<div class=\"flex_column av_one_full  flex_column_div av-zero-column-padding first  \" style='border-radius:0px; '><p><section class=\"av_textblock_section\"  itemscope=\"itemscope\" itemtype=\"https:\/\/schema.org\/CreativeWork\" ><div class='avia_textblock '   itemprop=\"text\" ><p>M\u00f6chten Sie eine Veranstaltung (innen und\/oder au\u00dfen) organisieren? Suchen Sie einen Partner, der Sie in allen Bereichen Ihrer Veranstaltung unterst\u00fctzen kann? Dann sind Sie bei Verkerk Standbouw an der richtigen Adresse.<\/p>\n<p>Die Atmosph\u00e4re Ihrer Veranstaltung wird u. a. von der Einrichtung, Ausstattung und Beschilderung des Gel\u00e4ndes oder der Veranstaltungshalle bestimmt. Verkerk Standbouw erstellt gemeinsam mit Ihnen einen Plan und macht Vorschl\u00e4ge f\u00fcr eine optimale Durchf\u00fchrung Ihrer Veranstaltung.<\/p>\n<p>Ob es sich um eine gro\u00dfe oder kleine Veranstaltung handelt, wir unterst\u00fctzen Sie gerne bei allen anfallenden Arbeiten.<\/p>\n<\/div><\/section><br \/>\n<div id='av-masonry-1' class='av-masonry noHover av-fixed-size av-1px-gap av-hover-overlay- av-masonry-col-flexible av-caption-always av-caption-style- av-masonry-gallery  '  ><div class='av-masonry-container isotope av-js-disabled ' ><div class='av-masonry-entry isotope-item av-masonry-item-no-image '><\/div><a href=\"https:\/\/verkerkstandbouw.nl\/wp-content\/uploads\/2018\/03\/19402168_1760541880628100_7386919735599096770_o-1030x583.jpg\" id='av-masonry-1-item-3883' data-av-masonry-item='3883' class='av-masonry-entry isotope-item post-3883 attachment type-attachment status-inherit hentry  av-masonry-item-with-image av-landscape-img' title=\"\"  itemprop=\"thumbnailUrl\" ><div class='av-inner-masonry-sizer'><\/div><figure class='av-inner-masonry main_color'><div class=\"av-masonry-outerimage-container\"><div class=\"av-masonry-image-container\" style=\"background-image: url(https:\/\/verkerkstandbouw.nl\/wp-content\/uploads\/2018\/03\/19402168_1760541880628100_7386919735599096770_o-705x399.jpg);\"><img decoding=\"async\" src=\"https:\/\/verkerkstandbouw.nl\/wp-content\/uploads\/2018\/03\/19402168_1760541880628100_7386919735599096770_o-705x399.jpg\" title=\"19402168_1760541880628100_7386919735599096770_o\" alt=\"\" \/><\/div><\/div><\/figure><\/a><!--end av-masonry entry--><a href=\"https:\/\/verkerkstandbouw.nl\/wp-content\/uploads\/2018\/03\/19400560_1760541170628171_3570928166067606417_o-1030x704.jpg\" id='av-masonry-1-item-3882' data-av-masonry-item='3882' class='av-masonry-entry isotope-item post-3882 attachment type-attachment status-inherit hentry  av-masonry-item-with-image av-grid-img' title=\"\"  itemprop=\"thumbnailUrl\" ><div class='av-inner-masonry-sizer'><\/div><figure class='av-inner-masonry main_color'><div class=\"av-masonry-outerimage-container\"><div class=\"av-masonry-image-container\" style=\"background-image: url(https:\/\/verkerkstandbouw.nl\/wp-content\/uploads\/2018\/03\/19400560_1760541170628171_3570928166067606417_o-705x482.jpg);\"><img decoding=\"async\" src=\"https:\/\/verkerkstandbouw.nl\/wp-content\/uploads\/2018\/03\/19400560_1760541170628171_3570928166067606417_o-705x482.jpg\" title=\"19400560_1760541170628171_3570928166067606417_o\" alt=\"\" \/><\/div><\/div><\/figure><\/a><!--end av-masonry entry--><a href=\"https:\/\/verkerkstandbouw.nl\/wp-content\/uploads\/2018\/03\/19275175_1760540490628239_5085707952040102784_n-e1718177761535.jpg\" id='av-masonry-1-item-3881' data-av-masonry-item='3881' class='av-masonry-entry isotope-item post-3881 attachment type-attachment status-inherit hentry  av-masonry-item-with-image av-grid-img' title=\"\"  itemprop=\"thumbnailUrl\" ><div class='av-inner-masonry-sizer'><\/div><figure class='av-inner-masonry main_color'><div class=\"av-masonry-outerimage-container\"><div class=\"av-masonry-image-container\" style=\"background-image: url(https:\/\/verkerkstandbouw.nl\/wp-content\/uploads\/2018\/03\/19275175_1760540490628239_5085707952040102784_n-470x705.jpg);\"><img decoding=\"async\" src=\"https:\/\/verkerkstandbouw.nl\/wp-content\/uploads\/2018\/03\/19275175_1760540490628239_5085707952040102784_n-470x705.jpg\" title=\"19275175_1760540490628239_5085707952040102784_n\" alt=\"\" \/><\/div><\/div><\/figure><\/a><!--end av-masonry entry--><a href=\"https:\/\/verkerkstandbouw.nl\/wp-content\/uploads\/2018\/03\/10458393_872597422755888_2289172308565880633_n.jpg\" id='av-masonry-1-item-3879' data-av-masonry-item='3879' class='av-masonry-entry isotope-item post-3879 attachment type-attachment status-inherit hentry  av-masonry-item-with-image av-grid-img' title=\"\"  itemprop=\"thumbnailUrl\" ><div class='av-inner-masonry-sizer'><\/div><figure class='av-inner-masonry main_color'><div class=\"av-masonry-outerimage-container\"><div class=\"av-masonry-image-container\" style=\"background-image: url(https:\/\/verkerkstandbouw.nl\/wp-content\/uploads\/2018\/03\/10458393_872597422755888_2289172308565880633_n.jpg);\"><img decoding=\"async\" src=\"https:\/\/verkerkstandbouw.nl\/wp-content\/uploads\/2018\/03\/10458393_872597422755888_2289172308565880633_n.jpg\" title=\"10458393_872597422755888_2289172308565880633_n\" alt=\"\" \/><\/div><\/div><\/figure><\/a><!--end av-masonry entry--><a href=\"https:\/\/verkerkstandbouw.nl\/wp-content\/uploads\/2020\/05\/IAMS-1-1410x940-e1718177949671.jpg\" id='av-masonry-1-item-2271' data-av-masonry-item='2271' class='av-masonry-entry isotope-item post-2271 attachment type-attachment status-inherit hentry  av-masonry-item-with-image av-grid-img' title=\"\"  itemprop=\"thumbnailUrl\" ><div class='av-inner-masonry-sizer'><\/div><figure class='av-inner-masonry main_color'><div class=\"av-masonry-outerimage-container\"><div class=\"av-masonry-image-container\" style=\"background-image: url(https:\/\/verkerkstandbouw.nl\/wp-content\/uploads\/2020\/05\/IAMS-1-1410x940-e1718177949671.jpg);\"><img decoding=\"async\" src=\"https:\/\/verkerkstandbouw.nl\/wp-content\/uploads\/2020\/05\/IAMS-1-1410x940-e1718177949671.jpg\" title=\"IAMS 1 1410&#215;940\" alt=\"\" \/><\/div><\/div><\/figure><\/a><!--end av-masonry entry--><a href=\"https:\/\/verkerkstandbouw.nl\/wp-content\/uploads\/2020\/06\/Header-event-SYNGENTA.jpg\" id='av-masonry-1-item-2555' data-av-masonry-item='2555' class='av-masonry-entry isotope-item post-2555 attachment type-attachment status-inherit hentry  av-masonry-item-with-image av-landscape-img' title=\"\"  itemprop=\"thumbnailUrl\" ><div class='av-inner-masonry-sizer'><\/div><figure class='av-inner-masonry main_color'><div class=\"av-masonry-outerimage-container\"><div class=\"av-masonry-image-container\" style=\"background-image: url(https:\/\/verkerkstandbouw.nl\/wp-content\/uploads\/2020\/06\/Header-event-SYNGENTA.jpg);\"><img decoding=\"async\" src=\"https:\/\/verkerkstandbouw.nl\/wp-content\/uploads\/2020\/06\/Header-event-SYNGENTA.jpg\" title=\"Header event SYNGENTA\" alt=\"\" \/><\/div><\/div><\/figure><\/a><!--end av-masonry entry--><\/div><\/div><\/p><\/div>\n<div class='avia-button-wrap avia-button-left '><a href='https:\/\/verkerkstandbouw.nl\/de\/portfolio\/' class='avia-button  avia-icon_select-no avia-color-theme-color avia-size-large avia-position-left '   ><span class='avia_iconbox_title' >Sehen Sie sich unser gesamtes Portfolio an<\/span><\/a><\/div>\n<\/div><\/div><\/div><!-- close content main div --><\/div><\/div><div id='av_section_1' class='avia-section main_color avia-section-default avia-no-border-styling av-section-color-overlay-active avia-bg-style-scroll  container_wrap fullsize'   ><div class='av-section-color-overlay-wrap'><div class='av-section-color-overlay' style='opacity: 0.5; background-color: #00aeaa; '><\/div><div class='container' ><div class='template-page content  av-content-full alpha units'><div class='post-entry post-entry-type-page post-entry-1193'><div class='entry-content-wrapper clearfix'>\n<div class=\"flex_column av_one_full  flex_column_div av-zero-column-padding first  \" style='border-radius:0px; '><div style='padding-bottom:10px;color:#ffffff;font-size:38px;' class='av-special-heading av-special-heading-h3 custom-color-heading blockquote modern-quote modern-centered  av-inherit-size'><h3 class='av-special-heading-tag'  itemprop=\"headline\"  > <span class='special_amp'>&#8222;<\/span>Eine gro\u00dfe oder kleine Veranstaltung, national oder international, wir unterst\u00fctzen Sie gerne bei allen Aktivit\u00e4ten!<span class='special_amp'>&#8220;<\/span><\/h3><div class='special-heading-border'><div class='special-heading-inner-border' style='border-color:#ffffff'><\/div><\/div><\/div><\/div>\n\n<\/div><\/div><\/div><!-- close content main div --><\/div><\/div><\/div><div id='av_section_2' class='avia-section main_color avia-section-small avia-no-border-styling avia-bg-style-scroll  container_wrap fullsize'   ><div class='container' ><div class='template-page content  av-content-full alpha units'><div class='post-entry post-entry-type-page post-entry-1193'><div class='entry-content-wrapper clearfix'>\n<div style='padding-bottom:10px;font-size:38px;' class='av-special-heading av-special-heading-h3  blockquote modern-quote modern-centered   av-inherit-size'><h3 class='av-special-heading-tag'  itemprop=\"headline\"  >Womit k\u00f6nnen wir Ihnen helfen?<\/h3><div class='special-heading-border'><div class='special-heading-inner-border' ><\/div><\/div><\/div>\n<div class=\"flex_column av_one_fourth  flex_column_div av-zero-column-padding first  \" style='border-radius:0px; '><\/div><div class=\"flex_column av_one_half  flex_column_div av-zero-column-padding   \" style='border-radius:0px; '><form action=\"https:\/\/verkerkstandbouw.nl\/de\/veranstaltungen\/\" method=\"post\"  class=\"avia_ajax_form av-form-labels-visible   \" data-avia-form-id=\"1\" data-avia-redirect=''><fieldset><p class=' first_form  form_element form_fullwidth' id='element_avia_1_1'>\t <label for=\"avia_1_1\" class=\"textare_label hidden textare_label_avia_1_1\">Ihre Frage <abbr class=\"required\" title=\"required\">*<\/abbr><\/label>\t <textarea  name=\"avia_1_1\" class=\"text_area is_empty\" cols=\"40\" rows=\"7\" id=\"avia_1_1\" ><\/textarea><\/p><p class=' first_form  form_element form_element_three_fourth av-last-visible-form-element' id='element_avia_2_1'><label for=\"avia_2_1\">Ihre E-Mail-Adresse <abbr class=\"required\" title=\"required\">*<\/abbr><\/label> <input name=\"avia_2_1\" class=\"text_input is_email\" type=\"text\" id=\"avia_2_1\" value=\"\" \/><\/p><p class=\"hidden\"><input type=\"text\" name=\"avia_3_1\" class=\"hidden \" id=\"avia_3_1\" value=\"\" \/><\/p><p class=\"form_element form_element_fourth modified_width\"><input type=\"hidden\" value=\"1\" name=\"avia_generated_form1\" \/><input type=\"submit\" value=\" senden\" class=\"button\"  data-sending-label=\"Sending\"\/><\/p><\/fieldset><\/form><div id=\"ajaxresponse_1\" class=\"ajaxresponse ajaxresponse_1 hidden\"><\/div><\/div><div class=\"flex_column av_one_fourth  flex_column_div av-zero-column-padding   \" style='border-radius:0px; '><\/div>\n\n<div id='av_gmap_1' class='avia-google-map-container' data-mapid='1' style='height: 300px;'><\/div>\n","protected":false},"excerpt":{"rendered":"","protected":false},"author":2,"featured_media":0,"parent":0,"menu_order":0,"comment_status":"closed","ping_status":"closed","template":"","meta":{"inline_featured_image":false,"_monsterinsights_skip_tracking":false,"_monsterinsights_sitenote_active":false,"_monsterinsights_sitenote_note":"","_monsterinsights_sitenote_category":0,"_uf_show_specific_survey":0,"_uf_disable_surveys":false,"footnotes":""},"class_list":["post-1193","page","type-page","status-publish","hentry"],"aioseo_notices":[],"_links":{"self":[{"href":"https:\/\/verkerkstandbouw.nl\/de\/wp-json\/wp\/v2\/pages\/1193","targetHints":{"allow":["GET"]}}],"collection":[{"href":"https:\/\/verkerkstandbouw.nl\/de\/wp-json\/wp\/v2\/pages"}],"about":[{"href":"https:\/\/verkerkstandbouw.nl\/de\/wp-json\/wp\/v2\/types\/page"}],"author":[{"embeddable":true,"href":"https:\/\/verkerkstandbouw.nl\/de\/wp-json\/wp\/v2\/users\/2"}],"replies":[{"embeddable":true,"href":"https:\/\/verkerkstandbouw.nl\/de\/wp-json\/wp\/v2\/comments?post=1193"}],"version-history":[{"count":2,"href":"https:\/\/verkerkstandbouw.nl\/de\/wp-json\/wp\/v2\/pages\/1193\/revisions"}],"predecessor-version":[{"id":4202,"href":"https:\/\/verkerkstandbouw.nl\/de\/wp-json\/wp\/v2\/pages\/1193\/revisions\/4202"}],"wp:attachment":[{"href":"https:\/\/verkerkstandbouw.nl\/de\/wp-json\/wp\/v2\/media?parent=1193"}],"curies":[{"name":"wp","href":"https:\/\/api.w.org\/{rel}","templated":true}]}}