{"id":1201,"date":"2018-07-19T14:22:20","date_gmt":"2018-07-19T14:22:20","guid":{"rendered":"https:\/\/verkerkstandbouw.nl\/?page_id=1201"},"modified":"2021-06-30T07:24:06","modified_gmt":"2021-06-30T07:24:06","slug":"innenausbau","status":"publish","type":"page","link":"https:\/\/verkerkstandbouw.nl\/de\/innenausbau\/","title":{"rendered":"Innenausbau"},"content":{"rendered":"<section class=\"avia_codeblock_section avia_code_block_0\"  itemscope=\"itemscope\" itemtype=\"https:\/\/schema.org\/CreativeWork\" ><div class='avia_codeblock '  itemprop=\"text\" > [avia_codeblock_placeholder uid=\"0\"] <\/div><\/section>\n<\/div><\/div><\/div><!-- close content main div --><\/div><\/div><div id='projecten' class='avia-section main_color avia-section-default avia-no-border-styling avia-bg-style-scroll  container_wrap fullsize' style = 'background-color: #e8e8e8; '  ><div class='container' ><div class='template-page content  av-content-full alpha units'><div class='post-entry post-entry-type-page post-entry-1201'><div class='entry-content-wrapper clearfix'>\n<div class=\"flex_column av_one_full  flex_column_div av-zero-column-padding first  \" style='border-radius:0px; '><p><div style='padding-bottom:10px;font-size:38px;' class='av-special-heading av-special-heading-h3  blockquote modern-quote modern-centered   av-inherit-size'><h3 class='av-special-heading-tag'  itemprop=\"headline\"  >WIR K\u00d6NNEN DAS FOLGENDE F\u00dcR SIE MACHEN:<\/h3><div class='special-heading-border'><div class='special-heading-inner-border' ><\/div><\/div><\/div><br \/>\n<section class=\"av_textblock_section\"  itemscope=\"itemscope\" itemtype=\"https:\/\/schema.org\/CreativeWork\" ><div class='avia_textblock '  style='font-size:18px; '  itemprop=\"text\" ><p>Wir setzen Ideen und Zeichnungen pr\u00e4zise in sch\u00f6ne Innenprojekte um. In unserer modern ausgestatteten Werkstatt arbeiten wir mit einem neuen Maschinenpark, einschlie\u00dflich einer fortschrittlichen CNC-Fr\u00e4smaschine. Mit unserer pers\u00f6nlichen Herangehensweise und Liebe zum Detail bauen wir ein Interieur, das zu Ihrem Unternehmen oder Zuhause passt. Ob es sich um ein gesamtes Interieur, eine sch\u00f6ne Theke oder einen ma\u00dfgefertigten Schrank handelt, wir \u00fcbersetzen Ihren Wunsch in ein sch\u00f6nes 3D-Design.<\/p>\n<p>Interessiert? Vereinbaren Sie einen Termin. Der erste Entwurf ist kostenlos.<\/p>\n<\/div><\/section><br \/>\n<div class=' grid-sort-container isotope no_margin-container with-title-container grid-total-even grid-col-3 grid-links-' data-portfolio-id='1'><div data-ajax-id='3443' class=' grid-entry flex_column isotope-item all_sort no_margin post-entry post-entry-3443 grid-entry-overview grid-loop-1 grid-parity-odd  innenausstattung_sort  av_one_third first default_av_fullwidth '><article class='main_color inner-entry'  itemscope=\"itemscope\" itemtype=\"https:\/\/schema.org\/CreativeWork\" ><a href='https:\/\/verkerkstandbouw.nl\/de\/portfolio-item\/geschaftlich-und-privat\/' title='Benutzerdefinierte Tabellen | Mosswall'  data-rel='grid-1' class='grid-image avia-hover-fx'><img loading=\"lazy\" decoding=\"async\" width=\"845\" height=\"684\" src=\"https:\/\/verkerkstandbouw.nl\/wp-content\/uploads\/2020\/08\/Healty-wall-den-haag-Cover-845x684.jpg\" class=\"attachment-gallery size-gallery wp-post-image\" alt=\"\" srcset=\"https:\/\/verkerkstandbouw.nl\/wp-content\/uploads\/2020\/08\/Healty-wall-den-haag-Cover-845x684.jpg 845w, https:\/\/verkerkstandbouw.nl\/wp-content\/uploads\/2020\/08\/Healty-wall-den-haag-Cover-495x400.jpg 495w\" sizes=\"auto, (max-width: 845px) 100vw, 845px\" \/><\/a><div class='grid-content'><div class='avia-arrow'><\/div><header class=\"entry-content-header\"><h3 class='grid-entry-title entry-title'  itemprop=\"headline\" ><a href='https:\/\/verkerkstandbouw.nl\/de\/portfolio-item\/geschaftlich-und-privat\/' title='Benutzerdefinierte Tabellen | Mosswall'>Benutzerdefinierte Tabellen | Mosswall<\/a><\/h3><\/header><\/div><footer class=\"entry-footer\"><\/footer><\/article><\/div><div data-ajax-id='3444' class=' grid-entry flex_column isotope-item all_sort no_margin post-entry post-entry-3444 grid-entry-overview grid-loop-2 grid-parity-even  innenausstattung_sort  av_one_third  default_av_fullwidth '><article class='main_color inner-entry'  itemscope=\"itemscope\" itemtype=\"https:\/\/schema.org\/CreativeWork\" ><a href='https:\/\/verkerkstandbouw.nl\/de\/portfolio-item\/displays-und-ladeneinrichtungen\/' title='Ladeneinrichtungen | Ausstellungsraum'  data-rel='grid-1' class='grid-image avia-hover-fx'><img loading=\"lazy\" decoding=\"async\" width=\"845\" height=\"677\" src=\"https:\/\/verkerkstandbouw.nl\/wp-content\/uploads\/2020\/06\/Voskes-cover.jpg\" class=\"attachment-gallery size-gallery wp-post-image\" alt=\"\" \/><\/a><div class='grid-content'><div class='avia-arrow'><\/div><header class=\"entry-content-header\"><h3 class='grid-entry-title entry-title'  itemprop=\"headline\" ><a href='https:\/\/verkerkstandbouw.nl\/de\/portfolio-item\/displays-und-ladeneinrichtungen\/' title='Ladeneinrichtungen | Ausstellungsraum'>Ladeneinrichtungen | Ausstellungsraum<\/a><\/h3><\/header><\/div><footer class=\"entry-footer\"><\/footer><\/article><\/div><div data-ajax-id='3445' class=' grid-entry flex_column isotope-item all_sort no_margin post-entry post-entry-3445 grid-entry-overview grid-loop-3 grid-parity-odd  innenausstattung_sort  av_one_third  default_av_fullwidth '><article class='main_color inner-entry'  itemscope=\"itemscope\" itemtype=\"https:\/\/schema.org\/CreativeWork\" ><a href='https:\/\/verkerkstandbouw.nl\/de\/portfolio-item\/wandverkleidungen-und-drucke\/' title='Wandverkleidungen | Foto Wand'  data-rel='grid-1' class='grid-image avia-hover-fx'><img loading=\"lazy\" decoding=\"async\" width=\"845\" height=\"677\" src=\"https:\/\/verkerkstandbouw.nl\/wp-content\/uploads\/2020\/06\/Prints-cover.jpg\" class=\"attachment-gallery size-gallery wp-post-image\" alt=\"\" \/><\/a><div class='grid-content'><div class='avia-arrow'><\/div><header class=\"entry-content-header\"><h3 class='grid-entry-title entry-title'  itemprop=\"headline\" ><a href='https:\/\/verkerkstandbouw.nl\/de\/portfolio-item\/wandverkleidungen-und-drucke\/' title='Wandverkleidungen | Foto Wand'>Wandverkleidungen | Foto Wand<\/a><\/h3><\/header><\/div><footer class=\"entry-footer\"><\/footer><\/article><\/div><div data-ajax-id='4170' class=' grid-entry flex_column isotope-item all_sort no_margin post-entry post-entry-4170 grid-entry-overview grid-loop-4 grid-parity-even  innenausstattung_sort  av_one_third first default_av_fullwidth '><article class='main_color inner-entry'  itemscope=\"itemscope\" itemtype=\"https:\/\/schema.org\/CreativeWork\" ><a href='https:\/\/verkerkstandbouw.nl\/de\/portfolio-item\/schuleinrichtung\/' title='Schuleinrichtung'  data-rel='grid-1' class='grid-image avia-hover-fx'><img loading=\"lazy\" decoding=\"async\" width=\"845\" height=\"684\" src=\"https:\/\/verkerkstandbouw.nl\/wp-content\/uploads\/2021\/02\/IMG-20201218-WA0001-Cover-1-845x684.jpg\" class=\"attachment-gallery size-gallery wp-post-image\" alt=\"\" srcset=\"https:\/\/verkerkstandbouw.nl\/wp-content\/uploads\/2021\/02\/IMG-20201218-WA0001-Cover-1-845x684.jpg 845w, https:\/\/verkerkstandbouw.nl\/wp-content\/uploads\/2021\/02\/IMG-20201218-WA0001-Cover-1-495x400.jpg 495w\" sizes=\"auto, (max-width: 845px) 100vw, 845px\" \/><\/a><div class='grid-content'><div class='avia-arrow'><\/div><header class=\"entry-content-header\"><h3 class='grid-entry-title entry-title'  itemprop=\"headline\" ><a href='https:\/\/verkerkstandbouw.nl\/de\/portfolio-item\/schuleinrichtung\/' title='Schuleinrichtung'>Schuleinrichtung<\/a><\/h3><\/header><\/div><footer class=\"entry-footer\"><\/footer><\/article><\/div><div data-ajax-id='4172' class=' grid-entry flex_column isotope-item all_sort no_margin post-entry post-entry-4172 grid-entry-overview grid-loop-5 grid-parity-odd  innenausstattung_sort  av_one_third  default_av_fullwidth '><article class='main_color inner-entry'  itemscope=\"itemscope\" itemtype=\"https:\/\/schema.org\/CreativeWork\" ><a href='https:\/\/verkerkstandbouw.nl\/de\/portfolio-item\/privat-masgeschneiderte-mobel\/' title='Privat | Ma\u00dfgeschneiderte M\u00f6bel'  data-rel='grid-1' class='grid-image avia-hover-fx'><img loading=\"lazy\" decoding=\"async\" width=\"845\" height=\"677\" src=\"https:\/\/verkerkstandbouw.nl\/wp-content\/uploads\/2020\/09\/badkamer-cover.jpg\" class=\"attachment-gallery size-gallery wp-post-image\" alt=\"\" \/><\/a><div class='grid-content'><div class='avia-arrow'><\/div><header class=\"entry-content-header\"><h3 class='grid-entry-title entry-title'  itemprop=\"headline\" ><a href='https:\/\/verkerkstandbouw.nl\/de\/portfolio-item\/privat-masgeschneiderte-mobel\/' title='Privat | Ma\u00dfgeschneiderte M\u00f6bel'>Privat | Ma\u00dfgeschneiderte M\u00f6bel<\/a><\/h3><\/header><\/div><footer class=\"entry-footer\"><\/footer><\/article><\/div><div data-ajax-id='4174' class=' grid-entry flex_column isotope-item all_sort no_margin post-entry post-entry-4174 grid-entry-overview grid-loop-6 grid-parity-even  post-entry-last  innenausstattung_sort  av_one_third  default_av_fullwidth '><article class='main_color inner-entry'  itemscope=\"itemscope\" itemtype=\"https:\/\/schema.org\/CreativeWork\" ><a href='https:\/\/verkerkstandbouw.nl\/de\/portfolio-item\/geschaft-buromobel\/' title='Gesch\u00e4ft | B\u00fcrom\u00f6bel'  data-rel='grid-1' class='grid-image avia-hover-fx'><img loading=\"lazy\" decoding=\"async\" width=\"845\" height=\"684\" src=\"https:\/\/verkerkstandbouw.nl\/wp-content\/uploads\/2021\/02\/20230830_093621-845x684.jpg\" class=\"attachment-gallery size-gallery wp-post-image\" alt=\"\" srcset=\"https:\/\/verkerkstandbouw.nl\/wp-content\/uploads\/2021\/02\/20230830_093621-845x684.jpg 845w, https:\/\/verkerkstandbouw.nl\/wp-content\/uploads\/2021\/02\/20230830_093621-495x400.jpg 495w\" sizes=\"auto, (max-width: 845px) 100vw, 845px\" \/><\/a><div class='grid-content'><div class='avia-arrow'><\/div><header class=\"entry-content-header\"><h3 class='grid-entry-title entry-title'  itemprop=\"headline\" ><a href='https:\/\/verkerkstandbouw.nl\/de\/portfolio-item\/geschaft-buromobel\/' title='Gesch\u00e4ft | B\u00fcrom\u00f6bel'>Gesch\u00e4ft | B\u00fcrom\u00f6bel<\/a><\/h3><\/header><\/div><footer class=\"entry-footer\"><\/footer><\/article><\/div><\/div><br \/>\n<div style=' margin-top:30px; margin-bottom:30px;'  class='hr hr-custom hr-center hr-icon-no '><span class='hr-inner   inner-border-av-border-fat' style=' width:100%; border-color:#4ecac2;' ><span class='hr-inner-style'><\/span><\/span><\/div><br \/>\n<div style='padding-bottom:10px;font-size:38px;' class='av-special-heading av-special-heading-h3  blockquote modern-quote modern-centered   av-inherit-size'><h3 class='av-special-heading-tag'  itemprop=\"headline\"  >NACHHALTIGES GEB\u00c4UDE<\/h3><div class='special-heading-border'><div class='special-heading-inner-border' ><\/div><\/div><\/div><br \/>\n<section class=\"av_textblock_section\"  itemscope=\"itemscope\" itemtype=\"https:\/\/schema.org\/CreativeWork\" ><div class='avia_textblock '  style='font-size:18px; '  itemprop=\"text\" ><p>W\u00e4hrend unseres gesamten Prozesses ber\u00fccksichtigen wir die Zirkularit\u00e4t der Materialien, damit die Projekte so nachhaltig wie m\u00f6glich produziert werden und wir bewusst mit Menschen, Materialien und Logistik umgehen.<\/p>\n<p>Wir arbeiten mit LED-Beleuchtung, nachhaltigen Materialien wie Kork oder Stoff aus PET-Flaschen, wir fahren Elektroautos, unser Holz ist FSC-zertifiziert und versuchen, unseren Abfall so weit wie m\u00f6glich zu recyceln. Wir arbeiten auch so viel wie m\u00f6glich mit lokalen Lieferanten zusammen.<\/p>\n<p class=\"tw-data-text tw-text-large XcVN5d tw-ta\" dir=\"ltr\" data-placeholder=\"Vertaling\">\n<\/div><\/section><\/p><\/div><\/div><\/div><\/div><!-- close content main div --><\/div><\/div><div id='av_section_2' class='avia-section main_color avia-section-no-padding avia-no-border-styling avia-bg-style-scroll  container_wrap fullsize'   ><div class='container' ><div class='template-page content  av-content-full alpha units'><div class='post-entry post-entry-type-page post-entry-1201'><div class='entry-content-wrapper clearfix'>\n<div style='padding-bottom:10px;font-size:38px;' class='av-special-heading av-special-heading-h3  blockquote modern-quote modern-centered   av-inherit-size'><h3 class='av-special-heading-tag'  itemprop=\"headline\"  > Mit was k\u00f6nnen wir dir helfen?<\/h3><div class='special-heading-border'><div class='special-heading-inner-border' ><\/div><\/div><\/div>\n<div class=\"flex_column av_one_fourth  flex_column_div av-zero-column-padding first  \" style='border-radius:0px; '><\/div><div class=\"flex_column av_one_half  flex_column_div av-zero-column-padding   \" style='border-radius:0px; '><form action=\"https:\/\/verkerkstandbouw.nl\/de\/innenausbau\/\" method=\"post\"  class=\"avia_ajax_form av-form-labels-visible   \" data-avia-form-id=\"1\" data-avia-redirect=''><fieldset><p class=' first_form  form_element form_fullwidth' id='element_avia_1_1'>\t <label for=\"avia_1_1\" class=\"textare_label hidden textare_label_avia_1_1\"> Ihre Frage <abbr class=\"required\" title=\"required\">*<\/abbr><\/label>\t <textarea  name=\"avia_1_1\" class=\"text_area is_empty\" cols=\"40\" rows=\"7\" id=\"avia_1_1\" ><\/textarea><\/p><p class=' first_form  form_element form_element_three_fourth av-last-visible-form-element' id='element_avia_2_1'><label for=\"avia_2_1\"> deine Emailadresse <abbr class=\"required\" title=\"required\">*<\/abbr><\/label> <input name=\"avia_2_1\" class=\"text_input is_email\" type=\"text\" id=\"avia_2_1\" value=\"\" \/><\/p><p class=\"hidden\"><input type=\"text\" name=\"avia_3_1\" class=\"hidden \" id=\"avia_3_1\" value=\"\" \/><\/p><p class=\"form_element form_element_fourth modified_width\"><input type=\"hidden\" value=\"1\" name=\"avia_generated_form1\" \/><input type=\"submit\" value=\"senden\" class=\"button\"  data-sending-label=\"Sending\"\/><\/p><\/fieldset><\/form><div id=\"ajaxresponse_1\" class=\"ajaxresponse ajaxresponse_1 hidden\"><\/div><\/div><div class=\"flex_column av_one_fourth  flex_column_div av-zero-column-padding   \" style='border-radius:0px; '><\/div>\n<\/p>\n<div id='av_gmap_1' class='avia-google-map-container' data-mapid='1' style='height: 300px;'><\/div>\n<section class=\"avia_codeblock_section avia_code_block_1\"  itemscope=\"itemscope\" itemtype=\"https:\/\/schema.org\/CreativeWork\" ><div class='avia_codeblock '  itemprop=\"text\" > [avia_codeblock_placeholder uid=\"1\"] <\/div><\/section>\n","protected":false},"excerpt":{"rendered":"","protected":false},"author":2,"featured_media":0,"parent":0,"menu_order":0,"comment_status":"closed","ping_status":"closed","template":"","meta":{"inline_featured_image":false,"_monsterinsights_skip_tracking":false,"_monsterinsights_sitenote_active":false,"_monsterinsights_sitenote_note":"","_monsterinsights_sitenote_category":0,"_uf_show_specific_survey":0,"_uf_disable_surveys":false,"footnotes":""},"class_list":["post-1201","page","type-page","status-publish","hentry"],"aioseo_notices":[],"_links":{"self":[{"href":"https:\/\/verkerkstandbouw.nl\/de\/wp-json\/wp\/v2\/pages\/1201","targetHints":{"allow":["GET"]}}],"collection":[{"href":"https:\/\/verkerkstandbouw.nl\/de\/wp-json\/wp\/v2\/pages"}],"about":[{"href":"https:\/\/verkerkstandbouw.nl\/de\/wp-json\/wp\/v2\/types\/page"}],"author":[{"embeddable":true,"href":"https:\/\/verkerkstandbouw.nl\/de\/wp-json\/wp\/v2\/users\/2"}],"replies":[{"embeddable":true,"href":"https:\/\/verkerkstandbouw.nl\/de\/wp-json\/wp\/v2\/comments?post=1201"}],"version-history":[{"count":8,"href":"https:\/\/verkerkstandbouw.nl\/de\/wp-json\/wp\/v2\/pages\/1201\/revisions"}],"predecessor-version":[{"id":4382,"href":"https:\/\/verkerkstandbouw.nl\/de\/wp-json\/wp\/v2\/pages\/1201\/revisions\/4382"}],"wp:attachment":[{"href":"https:\/\/verkerkstandbouw.nl\/de\/wp-json\/wp\/v2\/media?parent=1201"}],"curies":[{"name":"wp","href":"https:\/\/api.w.org\/{rel}","templated":true}]}}