{"id":1219,"date":"2018-07-19T14:39:05","date_gmt":"2018-07-19T14:39:05","guid":{"rendered":"https:\/\/verkerkstandbouw.nl\/?page_id=1219"},"modified":"2020-10-08T08:22:15","modified_gmt":"2020-10-08T08:22:15","slug":"uber-uns","status":"publish","type":"page","link":"https:\/\/verkerkstandbouw.nl\/de\/uber-uns\/","title":{"rendered":"\u00dcber uns"},"content":{"rendered":"<div style='padding-bottom:10px;' class='av-special-heading av-special-heading-h1  blockquote modern-quote  '><h1 class='av-special-heading-tag'  itemprop=\"headline\"  >Verkerk Standbouw<\/h1><div class='special-heading-border'><div class='special-heading-inner-border' ><\/div><\/div><\/div>\n<section class=\"av_textblock_section\"  itemscope=\"itemscope\" itemtype=\"https:\/\/schema.org\/CreativeWork\" ><div class='avia_textblock '   itemprop=\"text\" ><section class=\"av_textblock_section\">\n<div class=\"avia_textblock \">\n<p>Verkerk Standbouw ist ein Full-Service-Standbauunternehmen, bei dem Service und Qualit\u00e4t im Mittelpunkt stehen. Die Firma wurde 1971 gegr\u00fcndet und besch\u00e4ftigt inzwischen mehr als 30 Mitarbeiter. Wir haben alle Spezialgebiete unter einem Dach. Von Planung bis Herstellung, von Auf- und Abbau bis Transport, aber auch Lagerung: wir erledigen alles selbst.<\/p>\n<blockquote>\n<p><em>You never get a second chance to make a first impression<\/em><\/p>\n<\/blockquote>\n<p>Wir glauben, dass der erste Eindruck z\u00e4hlt. Darum bauen wir kreative, professionelle Messest\u00e4nde, die zu Ihrem Hausstil oder dem von Ihnen gew\u00e4hlten Thema passen. Mit dem Ziel: In einer vollen Messehalle aufzufallen \u2013 mit der Ausstrahlung, die zu Ihnen passt!<\/p>\n<p>Unser Firmensitz befindet sich in Harmelen (Utrecht) und wir sind dadurch ausgezeichnet erreichbar. Sie k\u00f6nnen uns jederzeit besuchen, auch w\u00e4hrend der Herstellung Ihres Stands oder Inneneinrichtung. Wir haben eine flache Organisationsstruktur und dadurch kurze Wege. Direkter Kontakt zum richtigen Ansprechpartner und auch w\u00e4hrend der Messetage erreichbar.<\/p>\n<p>Wir verf\u00fcgen \u00fcber sehr viel Messerfahrung im In- und Ausland. Wir kennen die Regeln und Vorschriften der verschiedenen Messeveranstalter und sind auch Hausmessebauer. Bei manchen Messen bauen wir rund 180 Messest\u00e4nde an einem Wochenende auf!<\/p>\n<\/div>\n<\/section>\n<\/div><\/section>\n","protected":false},"excerpt":{"rendered":"","protected":false},"author":2,"featured_media":0,"parent":0,"menu_order":0,"comment_status":"closed","ping_status":"closed","template":"","meta":{"inline_featured_image":false,"_monsterinsights_skip_tracking":false,"_monsterinsights_sitenote_active":false,"_monsterinsights_sitenote_note":"","_monsterinsights_sitenote_category":0,"_uf_show_specific_survey":0,"_uf_disable_surveys":false,"footnotes":""},"class_list":["post-1219","page","type-page","status-publish","hentry"],"aioseo_notices":[],"_links":{"self":[{"href":"https:\/\/verkerkstandbouw.nl\/de\/wp-json\/wp\/v2\/pages\/1219","targetHints":{"allow":["GET"]}}],"collection":[{"href":"https:\/\/verkerkstandbouw.nl\/de\/wp-json\/wp\/v2\/pages"}],"about":[{"href":"https:\/\/verkerkstandbouw.nl\/de\/wp-json\/wp\/v2\/types\/page"}],"author":[{"embeddable":true,"href":"https:\/\/verkerkstandbouw.nl\/de\/wp-json\/wp\/v2\/users\/2"}],"replies":[{"embeddable":true,"href":"https:\/\/verkerkstandbouw.nl\/de\/wp-json\/wp\/v2\/comments?post=1219"}],"version-history":[{"count":0,"href":"https:\/\/verkerkstandbouw.nl\/de\/wp-json\/wp\/v2\/pages\/1219\/revisions"}],"wp:attachment":[{"href":"https:\/\/verkerkstandbouw.nl\/de\/wp-json\/wp\/v2\/media?parent=1219"}],"curies":[{"name":"wp","href":"https:\/\/api.w.org\/{rel}","templated":true}]}}