{"id":2848,"date":"2020-07-15T11:59:47","date_gmt":"2020-07-15T11:59:47","guid":{"rendered":"https:\/\/verkerkstandbouw.nl\/iaw\/"},"modified":"2025-04-16T07:48:02","modified_gmt":"2025-04-16T07:48:02","slug":"iaw","status":"publish","type":"page","link":"https:\/\/verkerkstandbouw.nl\/de\/iaw\/","title":{"rendered":"IAW"},"content":{"rendered":"<section class=\"avia_codeblock_section avia_code_block_0\"  itemscope=\"itemscope\" itemtype=\"https:\/\/schema.org\/CreativeWork\" ><div class='avia_codeblock '  itemprop=\"text\" > [avia_codeblock_placeholder uid=\"0\"] <\/div><\/section>\n<\/div><\/div><\/div><!-- close content main div --><\/div><\/div><div id='av_section_1' class='avia-section main_color avia-section-small avia-no-border-styling avia-bg-style-scroll  container_wrap fullsize' style = 'background-color: #ffffff; '  ><div class='container' ><div class='template-page content  av-content-full alpha units'><div class='post-entry post-entry-type-page post-entry-2848'><div class='entry-content-wrapper clearfix'>\n<div class=\"flex_column av_two_fifth  flex_column_div av-zero-column-padding first  \" style='border-radius:0px; '><div class='avia-image-container  av-styling-   avia-align-center '  itemscope=\"itemscope\" itemtype=\"https:\/\/schema.org\/ImageObject\"  ><div class='avia-image-container-inner'><img class='avia_image ' src='https:\/\/verkerkstandbouw.nl\/wp-content\/uploads\/2020\/07\/Teleqare-foto.jpg' alt='' title='Teleqare foto'   itemprop=\"thumbnailUrl\"  \/><\/div><\/div><\/div><div class=\"flex_column av_two_fifth  flex_column_div av-zero-column-padding   \" style='border-radius:0px; '><p><div style='padding-bottom:10px;' class='av-special-heading av-special-heading-h3  blockquote modern-quote  '><h3 class='av-special-heading-tag'  itemprop=\"headline\"  >IAW Messe<\/h3><div class='special-heading-border'><div class='special-heading-inner-border' ><\/div><\/div><\/div><br \/>\n<section class=\"av_textblock_section\"  itemscope=\"itemscope\" itemtype=\"https:\/\/schema.org\/CreativeWork\" ><div class='avia_textblock '   itemprop=\"text\" ><p>Verkerk Standbouw ist seit vielen Jahren der hauseigene Standbauer der IAW in K\u00f6ln. Vervollst\u00e4ndigen Sie Ihre Messeteilnahme und bestellen Sie Ihren Systemstand bei uns. Neben festen Elementen wie W\u00e4nden und Beleuchtung k\u00f6nnen Sie auch Ihre eigenen Farbteppiche, Drucke und M\u00f6bel bestimmen.<\/p>\n<p>Laden Sie hier das Bestellformular f\u00fcr die IAW.<\/p>\n<\/div><\/section><\/p><\/div><div class=\"flex_column av_one_fifth  flex_column_div av-zero-column-padding   \" style='border-radius:0px; '><p><div style='padding-bottom:10px;' class='av-special-heading av-special-heading-h3  blockquote modern-quote modern-centered  '><h3 class='av-special-heading-tag'  itemprop=\"headline\"  >Downloads<\/h3><div class='special-heading-border'><div class='special-heading-inner-border' ><\/div><\/div><\/div><br \/>\n<div class='avia-button-wrap avia-button-center '><a href='https:\/\/verkerkstandbouw.nl\/wp-content\/uploads\/2025\/04\/IAW-Folder-september-2025_NL.pdf' class='avia-button  avia-icon_select-no avia-color-theme-color avia-size-medium avia-position-center '  target=\"_blank\"   ><span class='avia_iconbox_title' >Bestellformular (NL)<\/span><\/a><\/div><br \/>\n<div class='avia-button-wrap avia-button-center '><a href='https:\/\/verkerkstandbouw.nl\/wp-content\/uploads\/2025\/04\/IAW-Flyer-september-2025_Eng.pdf' class='avia-button  avia-icon_select-no avia-color-theme-color avia-size-medium avia-position-center '  target=\"_blank\"   ><span class='avia_iconbox_title' >Bestellformular (EN)<\/span><\/a><\/div><br \/>\n<div class='avia-button-wrap avia-button-center '><a href='https:\/\/verkerkstandbouw.nl\/wp-content\/uploads\/2025\/04\/IAW-Flyer-september-2025_DE.pdf' class='avia-button  avia-icon_select-no avia-color-theme-color avia-size-medium avia-position-center '  target=\"_blank\"   ><span class='avia_iconbox_title' >Bestellformular (DE)<\/span><\/a><\/div><\/p><\/div><\/div><\/div><\/div><!-- close content main div --><\/div><\/div><div id='av_section_2' class='avia-section main_color avia-section-default avia-no-border-styling avia-bg-style-scroll  container_wrap fullsize' style = 'background-color: #ffffff; '  ><div class='container' ><div class='template-page content  av-content-full alpha units'><div class='post-entry post-entry-type-page post-entry-2848'><div class='entry-content-wrapper clearfix'>\n<div class=\"flex_column av_four_fifth  flex_column_div av-zero-column-padding first  \" style='border-radius:0px; '><p><div style='padding-bottom:10px;' class='av-special-heading av-special-heading-h3  blockquote modern-quote  '><h3 class='av-special-heading-tag'  itemprop=\"headline\"  >Holzbau<\/h3><div class='special-heading-border'><div class='special-heading-inner-border' ><\/div><\/div><\/div><br \/>\n<section class=\"av_textblock_section\"  itemscope=\"itemscope\" itemtype=\"https:\/\/schema.org\/CreativeWork\" ><div class='avia_textblock '   itemprop=\"text\" ><p id=\"tw-target-text\" class=\"tw-data-text tw-text-large XcVN5d tw-ta\" dir=\"ltr\" data-placeholder=\"Vertaling\"><span lang=\"de\">Neben modularen St\u00e4ndern bieten wir auf der IAW auch verschiedene Holzkonstruktionsst\u00e4nde an. Dies gibt Ihnen die freie Wahl, Ihren Stand vollst\u00e4ndig an Ihre Corporate Identity oder Ihr Produkt anzupassen. <\/span><\/p>\n<p class=\"tw-data-text tw-text-large XcVN5d tw-ta\" dir=\"ltr\" data-placeholder=\"Vertaling\"><span lang=\"de\">Weitere Informationen finden Sie auf der Seite <\/span><strong><a href=\"https:\/\/verkerkstandbouw.nl\/de\/standbau\/\">Standbau<\/a>.<\/strong><\/p>\n<\/div><\/section><\/p><\/div><div class=\"flex_column av_one_fifth  flex_column_div av-zero-column-padding   \" style='border-radius:0px; '><div class='avia-image-container  av-styling-  noHover  av-overlay-on-hover  avia-align-center '  itemscope=\"itemscope\" itemtype=\"https:\/\/schema.org\/ImageObject\"  ><div class='avia-image-container-inner'><a href='https:\/\/www.iaw-messe.de' class='avia_image'   target=\"_blank\" ><div class='av-image-caption-overlay'><div class='av-caption-image-overlay-bg' style='opacity:0.9; background-color:#4ecac2; '><\/div><div class='av-image-caption-overlay-position'><div class='av-image-caption-overlay-center' style='color:#ffffff; '><p>Besuche die IAW Website<\/p>\n<\/div><\/div><\/div><img class='avia_image ' src='https:\/\/verkerkstandbouw.nl\/wp-content\/uploads\/2025\/04\/iaw.png' alt='' title='iaw'  itemprop=\"thumbnailUrl\"  \/><\/a><\/div><\/div><\/div><div class=\"flex_column av_one_full  flex_column_div av-zero-column-padding first  \" style='border-radius:0px; '><div class='avia-button-wrap avia-button-center '><a href='https:\/\/verkerkstandbouw.nl\/de\/portfolio\/' class='avia-button  avia-icon_select-no avia-color-theme-color avia-size-large avia-position-center '   ><span class='avia_iconbox_title' >Portfolio<\/span><\/a><\/div><\/div><\/div><\/div><\/div><!-- close content main div --><\/div><\/div><div id='av_section_3' class='avia-section main_color avia-section-default avia-no-border-styling avia-bg-style-scroll  container_wrap fullsize'   ><div class='container' ><div class='template-page content  av-content-full alpha units'><div class='post-entry post-entry-type-page post-entry-2848'><div class='entry-content-wrapper clearfix'>\n<div style='padding-bottom:10px;font-size:38px;' class='av-special-heading av-special-heading-h3  blockquote modern-quote modern-centered   av-inherit-size'><h3 class='av-special-heading-tag'  itemprop=\"headline\"  >Mit was k\u00f6nnen wir dir helfen?<\/h3><div class='special-heading-border'><div class='special-heading-inner-border' ><\/div><\/div><\/div>\n<div class=\"flex_column av_one_fourth  flex_column_div av-zero-column-padding first  \" style='border-radius:0px; '><\/div><div class=\"flex_column av_one_half  flex_column_div av-zero-column-padding   \" style='border-radius:0px; '><form action=\"https:\/\/verkerkstandbouw.nl\/de\/iaw\/\" method=\"post\"  class=\"avia_ajax_form av-form-labels-visible   \" data-avia-form-id=\"1\" data-avia-redirect=''><fieldset><p class=' first_form  form_element form_fullwidth' id='element_avia_1_1'>\t <label for=\"avia_1_1\" class=\"textare_label hidden textare_label_avia_1_1\"> Ihre Frage <abbr class=\"required\" title=\"required\">*<\/abbr><\/label>\t <textarea  name=\"avia_1_1\" class=\"text_area is_empty\" cols=\"40\" rows=\"7\" id=\"avia_1_1\" ><\/textarea><\/p><p class=' first_form  form_element form_element_three_fourth av-last-visible-form-element' id='element_avia_2_1'><label for=\"avia_2_1\"> Deine Emailadresse <abbr class=\"required\" title=\"required\">*<\/abbr><\/label> <input name=\"avia_2_1\" class=\"text_input is_email\" type=\"text\" id=\"avia_2_1\" value=\"\" \/><\/p><p class=\"hidden\"><input type=\"text\" name=\"avia_3_1\" class=\"hidden \" id=\"avia_3_1\" value=\"\" \/><\/p><p class=\"form_element form_element_fourth modified_width\"><input type=\"hidden\" value=\"1\" name=\"avia_generated_form1\" \/><input type=\"submit\" value=\"send\" class=\"button\"  data-sending-label=\"Sending\"\/><\/p><\/fieldset><\/form><div id=\"ajaxresponse_1\" class=\"ajaxresponse ajaxresponse_1 hidden\"><\/div><\/div><div class=\"flex_column av_one_fourth  flex_column_div av-zero-column-padding   \" style='border-radius:0px; '><\/div>\n<\/p>\n<div id='av_gmap_1' class='avia-google-map-container' data-mapid='1' style='height: 300px;'><\/div>\n","protected":false},"excerpt":{"rendered":"","protected":false},"author":3,"featured_media":0,"parent":0,"menu_order":0,"comment_status":"closed","ping_status":"closed","template":"","meta":{"inline_featured_image":false,"_monsterinsights_skip_tracking":false,"_monsterinsights_sitenote_active":false,"_monsterinsights_sitenote_note":"","_monsterinsights_sitenote_category":0,"_uf_show_specific_survey":0,"_uf_disable_surveys":false,"footnotes":""},"class_list":["post-2848","page","type-page","status-publish","hentry"],"aioseo_notices":[],"_links":{"self":[{"href":"https:\/\/verkerkstandbouw.nl\/de\/wp-json\/wp\/v2\/pages\/2848","targetHints":{"allow":["GET"]}}],"collection":[{"href":"https:\/\/verkerkstandbouw.nl\/de\/wp-json\/wp\/v2\/pages"}],"about":[{"href":"https:\/\/verkerkstandbouw.nl\/de\/wp-json\/wp\/v2\/types\/page"}],"author":[{"embeddable":true,"href":"https:\/\/verkerkstandbouw.nl\/de\/wp-json\/wp\/v2\/users\/3"}],"replies":[{"embeddable":true,"href":"https:\/\/verkerkstandbouw.nl\/de\/wp-json\/wp\/v2\/comments?post=2848"}],"version-history":[{"count":6,"href":"https:\/\/verkerkstandbouw.nl\/de\/wp-json\/wp\/v2\/pages\/2848\/revisions"}],"predecessor-version":[{"id":5167,"href":"https:\/\/verkerkstandbouw.nl\/de\/wp-json\/wp\/v2\/pages\/2848\/revisions\/5167"}],"wp:attachment":[{"href":"https:\/\/verkerkstandbouw.nl\/de\/wp-json\/wp\/v2\/media?parent=2848"}],"curies":[{"name":"wp","href":"https:\/\/api.w.org\/{rel}","templated":true}]}}