{"id":3579,"date":"2020-10-13T10:31:09","date_gmt":"2020-10-13T10:31:09","guid":{"rendered":"https:\/\/verkerkstandbouw.nl\/standbau-2\/"},"modified":"2021-02-15T11:35:00","modified_gmt":"2021-02-15T11:35:00","slug":"standbau-2","status":"publish","type":"page","link":"https:\/\/verkerkstandbouw.nl\/de\/standbau-2\/","title":{"rendered":"Standbau"},"content":{"rendered":"<section class=\"avia_codeblock_section avia_code_block_0\"  itemscope=\"itemscope\" itemtype=\"https:\/\/schema.org\/CreativeWork\" ><div class='avia_codeblock '  itemprop=\"text\" > [avia_codeblock_placeholder uid=\"0\"] <\/div><\/section>\n<\/div><\/div><\/div><!-- close content main div --><\/div><\/div><div id='av_section_1' class='avia-section main_color avia-section-small avia-no-border-styling avia-bg-style-scroll  container_wrap fullsize'   ><div class='container' ><div class='template-page content  av-content-full alpha units'><div class='post-entry post-entry-type-page post-entry-3579'><div class='entry-content-wrapper clearfix'>\n<div class=\"flex_column av_one_third  flex_column_div av-zero-column-padding first  \" style='border-radius:0px; '><div class='avia-image-container  av-styling-   avia-align-center '  itemscope=\"itemscope\" itemtype=\"https:\/\/schema.org\/ImageObject\"  ><div class='avia-image-container-inner'><img class='avia_image ' src='https:\/\/verkerkstandbouw.nl\/wp-content\/uploads\/2020\/06\/BBI-Provada19-0236-Verkerk-standbouw-1.jpg' alt='' title=''   itemprop=\"thumbnailUrl\"  \/><\/div><\/div><\/div><div class=\"flex_column av_two_third  flex_column_div av-zero-column-padding   \" style='border-radius:0px; '><p><div style='padding-bottom:10px;' class='av-special-heading av-special-heading-h3  blockquote modern-quote  '><h3 class='av-special-heading-tag'  itemprop=\"headline\"  > Nachhaltiger Standbau<\/h3><div class='special-heading-border'><div class='special-heading-inner-border' ><\/div><\/div><\/div><br \/>\n<section class=\"av_textblock_section\"  itemscope=\"itemscope\" itemtype=\"https:\/\/schema.org\/CreativeWork\" ><div class='avia_textblock '   itemprop=\"text\" ><p>W\u00e4hrend unseres gesamten Prozesses ber\u00fccksichtigen wir die Zirkularit\u00e4t der Materialien, damit die St\u00e4nde so nachhaltig wie m\u00f6glich hergestellt werden und wir bewusst mit Menschen, Materialien und Logistik umgehen. Zum Beispiel arbeiten wir mit LED-Beleuchtung, recycelten M\u00f6beln, nachhaltigen Materialien wie Kork, recycelten B\u00f6den oder Stoffen aus PET-Flaschen, wir fahren Elektroautos, unser Holz ist FSC-zertifiziert und wir versuchen, unseren Abfall so weit wie m\u00f6glich zu recyceln.<\/p>\n<p>Wir arbeiten auch so viel wie m\u00f6glich mit lokalen Lieferanten zusammen.<\/p>\n<\/div><\/section><\/p><\/div>\n\n<\/div><\/div><\/div><!-- close content main div --><\/div><\/div><div id='av_section_2' class='avia-section main_color avia-section-small avia-no-border-styling avia-bg-style-scroll  container_wrap fullsize'   ><div class='container' ><div class='template-page content  av-content-full alpha units'><div class='post-entry post-entry-type-page post-entry-3579'><div class='entry-content-wrapper clearfix'>\n<div class=\"flex_column av_two_third  flex_column_div av-zero-column-padding first  \" style='border-radius:0px; '><p><div style='padding-bottom:10px;' class='av-special-heading av-special-heading-h3  blockquote modern-quote  '><h3 class='av-special-heading-tag'  itemprop=\"headline\"  > National und international<\/h3><div class='special-heading-border'><div class='special-heading-inner-border' ><\/div><\/div><\/div><br \/>\n<section class=\"av_textblock_section\"  itemscope=\"itemscope\" itemtype=\"https:\/\/schema.org\/CreativeWork\" ><div class='avia_textblock '   itemprop=\"text\" ><p><span style=\"font-family: 'inherit',serif;\">Nach dem Sie den Entwurf f\u00fcr Ihren Stand genehmigt haben, nehmen wir Kontakt mit der Messeorganisation auf und beantragen die Genehmigung des Standplans. Wir bestellen auch gleich die Versorgung mit Wasser, Strom und Internet. Anschlie\u00dfend k\u00fcmmern wir uns um die Herstellung, den Transport, Aufbau und die Umsetzung Ihres Stands. Wir sind auch w\u00e4hrend der Messe f\u00fcr Sie erreichbar, damit Ihre Fragen umgehend beantwortet werden k\u00f6nnen. <\/span><\/p>\n<p><span style=\"font-family: 'inherit',serif;\">Wir wissen, dass die Messeteilnahme eine Momentaufnahme ist. Wir sorgen daf\u00fcr, dass Sie diesen Moment optimal nutzen k\u00f6nnen.<\/span><\/p>\n<\/div><\/section><\/p><\/div><div class=\"flex_column av_one_third  flex_column_div av-zero-column-padding   \" style='border-radius:0px; '><div class='avia-image-container  av-styling-   avia-align-center '  itemscope=\"itemscope\" itemtype=\"https:\/\/schema.org\/ImageObject\"  ><div class='avia-image-container-inner'><img class='avia_image ' src='https:\/\/verkerkstandbouw.nl\/wp-content\/uploads\/2020\/05\/Life-1410x940.jpg' alt='' title='Life 1410x940'   itemprop=\"thumbnailUrl\"  \/><\/div><\/div><\/div>\n\n<\/div><\/div><\/div><!-- close content main div --><\/div><\/div><div id='av_section_3' class='avia-section main_color avia-section-small avia-no-border-styling avia-bg-style-scroll  container_wrap fullsize'   ><div class='av-section-color-overlay-wrap'><a href='#next-section' title='' class='scroll-down-link' aria-hidden='true' data-av_icon='\ue877' data-av_iconfont='entypo-fontello'><\/a><div class='container' ><div class='template-page content  av-content-full alpha units'><div class='post-entry post-entry-type-page post-entry-3579'><div class='entry-content-wrapper clearfix'>\n<div class=\"flex_column av_one_third  flex_column_div av-zero-column-padding first  \" style='border-radius:0px; '><div class='avia-image-container  av-styling-   avia-align-center '  itemscope=\"itemscope\" itemtype=\"https:\/\/schema.org\/ImageObject\"  ><div class='avia-image-container-inner'><img class='avia_image ' src='https:\/\/verkerkstandbouw.nl\/wp-content\/uploads\/2020\/05\/Fimek-1410x1140.jpg' alt='' title='Fimek 1410x1140'   itemprop=\"thumbnailUrl\"  \/><\/div><\/div><\/div><div class=\"flex_column av_two_third  flex_column_div av-zero-column-padding   \" style='border-radius:0px; '><p><div style='padding-bottom:10px;' class='av-special-heading av-special-heading-h3  blockquote modern-quote  '><h3 class='av-special-heading-tag'  itemprop=\"headline\"  > Und weiter..<\/h3><div class='special-heading-border'><div class='special-heading-inner-border' ><\/div><\/div><\/div><br \/>\n<section class=\"av_textblock_section\"  itemscope=\"itemscope\" itemtype=\"https:\/\/schema.org\/CreativeWork\" ><div class='avia_textblock '   itemprop=\"text\" ><p id=\"tw-target-text\" class=\"tw-data-text tw-text-large XcVN5d tw-ta\" dir=\"ltr\" data-placeholder=\"Vertaling\"><span lang=\"de\">Wirst du bald an einer Messe teilnehmen? Erstellen Sie dann einen Stand, der Aufmerksamkeit erregt, sich von der Masse abhebt und langlebig ist. <\/span><\/p>\n<p class=\"tw-data-text tw-text-large XcVN5d tw-ta\" dir=\"ltr\" data-placeholder=\"Vertaling\"><span lang=\"de\">Nehmen Sie Kontakt mit uns auf und rufen Sie 0348 44 23 08 an.<\/span><\/p>\n<\/div><\/section><br \/>\n<div class='avia-button-wrap avia-button-center '><a href='https:\/\/verkerkstandbouw.nl\/de\/portfolio\/' class='avia-button  avia-icon_select-no avia-color-theme-color avia-size-large avia-position-center '   ><span class='avia_iconbox_title' > Sehen Sie sich unser gesamtes Portfolio an<\/span><\/a><\/div><\/p><\/div>\n\n<\/div><\/div><\/div><!-- close content main div --><\/div><\/div><\/div><div id='av_section_4' class='avia-section main_color avia-section-huge avia-no-border-styling av-section-color-overlay-active avia-bg-style-scroll  container_wrap fullsize'   ><div class='av-section-color-overlay-wrap'><div class='av-section-color-overlay' style='opacity: 0.5; background-color: #00aeaa; '><\/div><div class='container' ><div class='template-page content  av-content-full alpha units'><div class='post-entry post-entry-type-page post-entry-3579'><div class='entry-content-wrapper clearfix'>\n<div class=\"flex_column av_one_full  flex_column_div av-zero-column-padding first  \" style='border-radius:0px; '><div style='padding-bottom:10px;color:#ffffff;font-size:38px;' class='av-special-heading av-special-heading-h3 custom-color-heading blockquote modern-quote modern-centered  av-inherit-size'><h3 class='av-special-heading-tag'  itemprop=\"headline\"  > <span class='special_amp'>&#8222;<\/span>Unser professionelles und erfahrenes Team ist f\u00fcr Sie bereit f\u00fcr eine optimale Teilnahme an der Ausstellung!<span class='special_amp'>&#8220;<\/span><\/h3><div class='special-heading-border'><div class='special-heading-inner-border' style='border-color:#ffffff'><\/div><\/div><\/div><\/div>\n\n<\/div><\/div><\/div><!-- close content main div --><\/div><\/div><\/div><div id='av_section_5' class='avia-section main_color avia-section-default avia-no-border-styling avia-bg-style-scroll  container_wrap fullsize'   ><div class='container' ><div class='template-page content  av-content-full alpha units'><div class='post-entry post-entry-type-page post-entry-3579'><div class='entry-content-wrapper clearfix'>\n<div style='padding-bottom:10px;font-size:38px;' class='av-special-heading av-special-heading-h3  blockquote modern-quote modern-centered   av-inherit-size'><h3 class='av-special-heading-tag'  itemprop=\"headline\"  > Mit was k\u00f6nnen wir dir helfen?<\/h3><div class='special-heading-border'><div class='special-heading-inner-border' ><\/div><\/div><\/div>\n<div class=\"flex_column av_one_fourth  flex_column_div av-zero-column-padding first  \" style='border-radius:0px; '><\/div><div class=\"flex_column av_one_half  flex_column_div av-zero-column-padding   \" style='border-radius:0px; '><form action=\"https:\/\/verkerkstandbouw.nl\/de\/standbau-2\/\" method=\"post\"  class=\"avia_ajax_form av-form-labels-visible   \" data-avia-form-id=\"1\" data-avia-redirect=''><fieldset><p class=' first_form  form_element form_fullwidth' id='element_avia_1_1'>\t <label for=\"avia_1_1\" class=\"textare_label hidden textare_label_avia_1_1\"> Ihre Frage <abbr class=\"required\" title=\"required\">*<\/abbr><\/label>\t <textarea  name=\"avia_1_1\" class=\"text_area is_empty\" cols=\"40\" rows=\"7\" id=\"avia_1_1\" ><\/textarea><\/p><p class=' first_form  form_element form_element_three_fourth av-last-visible-form-element' id='element_avia_2_1'><label for=\"avia_2_1\"> Deine Emailadresse <abbr class=\"required\" title=\"required\">*<\/abbr><\/label> <input name=\"avia_2_1\" class=\"text_input is_email\" type=\"text\" id=\"avia_2_1\" value=\"\" \/><\/p><p class=\"hidden\"><input type=\"text\" name=\"avia_3_1\" class=\"hidden \" id=\"avia_3_1\" value=\"\" \/><\/p><p class=\"form_element form_element_fourth modified_width\"><input type=\"hidden\" value=\"1\" name=\"avia_generated_form1\" \/><input type=\"submit\" value=\"Frage\" class=\"button\"  data-sending-label=\"Sending\"\/><\/p><\/fieldset><\/form><div id=\"ajaxresponse_1\" class=\"ajaxresponse ajaxresponse_1 hidden\"><\/div><\/div><div class=\"flex_column av_one_fourth  flex_column_div av-zero-column-padding   \" style='border-radius:0px; '><\/div>\n\n<div id='av_gmap_1' class='avia-google-map-container' data-mapid='1' style='height: 300px;'><\/div>\n<div  class='hr hr-default '><span class='hr-inner ' ><span class='hr-inner-style'><\/span><\/span><\/div>\n","protected":false},"excerpt":{"rendered":"","protected":false},"author":2,"featured_media":0,"parent":0,"menu_order":0,"comment_status":"closed","ping_status":"closed","template":"","meta":{"inline_featured_image":false,"_monsterinsights_skip_tracking":false,"_monsterinsights_sitenote_active":false,"_monsterinsights_sitenote_note":"","_monsterinsights_sitenote_category":0,"_uf_show_specific_survey":0,"_uf_disable_surveys":false,"footnotes":""},"class_list":["post-3579","page","type-page","status-publish","hentry"],"aioseo_notices":[],"_links":{"self":[{"href":"https:\/\/verkerkstandbouw.nl\/de\/wp-json\/wp\/v2\/pages\/3579","targetHints":{"allow":["GET"]}}],"collection":[{"href":"https:\/\/verkerkstandbouw.nl\/de\/wp-json\/wp\/v2\/pages"}],"about":[{"href":"https:\/\/verkerkstandbouw.nl\/de\/wp-json\/wp\/v2\/types\/page"}],"author":[{"embeddable":true,"href":"https:\/\/verkerkstandbouw.nl\/de\/wp-json\/wp\/v2\/users\/2"}],"replies":[{"embeddable":true,"href":"https:\/\/verkerkstandbouw.nl\/de\/wp-json\/wp\/v2\/comments?post=3579"}],"version-history":[{"count":2,"href":"https:\/\/verkerkstandbouw.nl\/de\/wp-json\/wp\/v2\/pages\/3579\/revisions"}],"predecessor-version":[{"id":4206,"href":"https:\/\/verkerkstandbouw.nl\/de\/wp-json\/wp\/v2\/pages\/3579\/revisions\/4206"}],"wp:attachment":[{"href":"https:\/\/verkerkstandbouw.nl\/de\/wp-json\/wp\/v2\/media?parent=3579"}],"curies":[{"name":"wp","href":"https:\/\/api.w.org\/{rel}","templated":true}]}}